{"id":97,"date":"2016-12-05T13:41:58","date_gmt":"2016-12-05T13:41:58","guid":{"rendered":"http:\/\/personalrat-grundschule-bottrop.de\/?page_id=97"},"modified":"2017-03-08T10:35:53","modified_gmt":"2017-03-08T10:35:53","slug":"annahme-von-geschenken","status":"publish","type":"page","link":"https:\/\/personalrat-grundschule-bottrop.de\/?page_id=97","title":{"rendered":"Annahme von Geschenken"},"content":{"rendered":"<p>H\u00e4ufig stellt sich die Frage: Darf ich ein Geschenk von Eltern zum Geburtstag\/Weihnachten\/Abschied als Lehrer*in annehmen? Grunds\u00e4tzlich ist die Annahme von Geschenken oder sonstigen Vorteilen, in Bezug auf dienstliche T\u00e4tigkeit, nicht erlaubt.<\/p>\n<p>Die Bezirksregierung M\u00fcnster sieht f\u00fcr folgende F\u00e4lle eine als stillschweigend erteilte Genehmigung gegeben:<\/p>\n<ol>\n<li>Annahme von nach allgemeiner Auffassung nicht zu beanstandenden geringwertigen Aufmerksamkeiten (z.B. Massenwerbeartikel wie Kugelschreiber, Kalender, Schreibblocks, handgefertigte Geschenke von Sch\u00fclerinnen und Sch\u00fclern).<\/li>\n<li>Geschenk aus dem Kreis des Kollegiums (z.B. Geburtstag oder Dienstjubil\u00e4um) im herk\u00f6mmlichen Umfang (z.B. Blumen oder Pralinen).<\/li>\n<li>Geschenk f\u00fcr eine Lehrkraft durch eine Personengesamtheit von Eltern oder Sch\u00fclerinnen\/Sch\u00fclern oder einem Gremium der Schulmitwirkung (z.B. Klassenpflegschaft), wenn dieses Geschenk vom Anlass (z.B. Verabschiedung einer Lehrkraft oder eines Sch\u00fclerjahrgangs), Wert und auch vom Gegenstand her (Blumen, Pralinen) im allgemeinen Empfinden als angemessen zu bewerten ist.<\/li>\n<\/ol>\n<p>Die fr\u00fcher angegebene Obergrenze von 25\u20ac ist in den <a href=\"https:\/\/www.schulministerium.nrw.de\/docs\/Recht\/Dienstrecht\/Beamtenrecht\/Annahme_Belohnungen.pdf\">aktuellen Handreichungen des Schulministeriums<\/a> nicht mehr enthalten.<\/p>\n<p>Auch wenn die Genehmigungen rechtlich und s\u00e4chlich nicht genau definiert sind, sollte der Spielraum f\u00fcr die meisten allt\u00e4glichen Geschenke (Dank der Eltern f\u00fcr geleistete Arbeit, Geburtstagsgeschenke der Kolleg*innen) gelten und die Annahme daher keine negativen Auswirkungen nach sich ziehen.<\/p>\n<p style=\"padding-left: 30px;\"><em>Besondere Vorsicht ist dagegen bei Geschenken von einzelnen Eltern oder Sch\u00fcler*innen zu wahren, da diese aufgrund des Verdachts auf Vorteilsnahme (unabh\u00e4nbgig vom Wert) nicht angenommen werden d\u00fcrfen!<\/em><\/p>\n<p>&nbsp;<\/p>\n","protected":false},"excerpt":{"rendered":"<p>H\u00e4ufig stellt sich die Frage: Darf ich ein Geschenk von Eltern zum Geburtstag\/Weihnachten\/Abschied als Lehrer*in annehmen? Grunds\u00e4tzlich ist die Annahme von Geschenken oder sonstigen Vorteilen, in Bezug auf dienstliche T\u00e4tigkeit, nicht erlaubt. Die Bezirksregierung M\u00fcnster sieht f\u00fcr folgende F\u00e4lle eine als stillschweigend erteilte Genehmigung gegeben: Annahme von nach allgemeiner Auffassung nicht zu beanstandenden geringwertigen Aufmerksamkeiten &hellip; <a href=\"https:\/\/personalrat-grundschule-bottrop.de\/?page_id=97\" class=\"more-link\"><span class=\"screen-reader-text\">\u201eAnnahme von Geschenken\u201c <\/span>weiterlesen<\/a><\/p>\n","protected":false},"author":1,"featured_media":0,"parent":0,"menu_order":0,"comment_status":"closed","ping_status":"closed","template":"","meta":{"footnotes":""},"class_list":["post-97","page","type-page","status-publish","hentry"],"_links":{"self":[{"href":"https:\/\/personalrat-grundschule-bottrop.de\/index.php?rest_route=\/wp\/v2\/pages\/97","targetHints":{"allow":["GET"]}}],"collection":[{"href":"https:\/\/personalrat-grundschule-bottrop.de\/index.php?rest_route=\/wp\/v2\/pages"}],"about":[{"href":"https:\/\/personalrat-grundschule-bottrop.de\/index.php?rest_route=\/wp\/v2\/types\/page"}],"author":[{"embeddable":true,"href":"https:\/\/personalrat-grundschule-bottrop.de\/index.php?rest_route=\/wp\/v2\/users\/1"}],"replies":[{"embeddable":true,"href":"https:\/\/personalrat-grundschule-bottrop.de\/index.php?rest_route=%2Fwp%2Fv2%2Fcomments&post=97"}],"version-history":[{"count":15,"href":"https:\/\/personalrat-grundschule-bottrop.de\/index.php?rest_route=\/wp\/v2\/pages\/97\/revisions"}],"predecessor-version":[{"id":408,"href":"https:\/\/personalrat-grundschule-bottrop.de\/index.php?rest_route=\/wp\/v2\/pages\/97\/revisions\/408"}],"wp:attachment":[{"href":"https:\/\/personalrat-grundschule-bottrop.de\/index.php?rest_route=%2Fwp%2Fv2%2Fmedia&parent=97"}],"curies":[{"name":"wp","href":"https:\/\/api.w.org\/{rel}","templated":true}]}}