{"id":778,"date":"2020-05-11T11:41:20","date_gmt":"2020-05-11T11:41:20","guid":{"rendered":"http:\/\/personalrat-grundschule-bottrop.de\/?page_id=778"},"modified":"2020-05-11T11:41:20","modified_gmt":"2020-05-11T11:41:20","slug":"personalversammlung-2020","status":"publish","type":"page","link":"https:\/\/personalrat-grundschule-bottrop.de\/?page_id=778","title":{"rendered":"Personalversammlung 2020"},"content":{"rendered":"\n<p><strong>! ABSAGE PERSONALVERSAMMLUNG AM 28.04.2020 !<\/strong><\/p>\n\n\n\n<p>Liebe Kolleginnen und Kollegen,<\/p>\n\n\n\n<p>wir hoffen alle, dass wir diese schwierige Zeit gemeinsam gesund \u00fcberstehen!<\/p>\n\n\n\n<p>Leider liegen und lagen uns auch keine anderen Informationen, als die ver\u00f6ffentlichten Erlasse und die Berichterstattungen aus den Medien zum Umgang mit dem Corona-Virus in den Schulen vor.<\/p>\n\n\n\n<p>Vor kurzem habe ich die Terminank\u00fcndigung f\u00fcr unsere diesj\u00e4hrige Personalversammlung, am 28.04.2020, zum Aushang an die Schulen gesandt. Zu diesem Zeitpunkt war nicht absehbar, welches Ausma\u00df die Gesundheitsgef\u00e4hrdung durch den Corona-Virus f\u00fcr uns annehmen w\u00fcrde. Da niemand vorhersagen kann, wie sich die Lage nach den Osterferien darstellen wird, haben wir in unserer Personalratssitzung am Montag (16.03.2020) beschlossen, die Personalversammlung vorausschauend abzusagen.<\/p>\n\n\n\n<p>Inhaltlich bedauern wir diese Entscheidung sehr, da wir uns mit Ihnen gerne \u00fcber die nach wie vor dringliche Thematik der &#8222;Entlastung&#8220; ausgetauscht h\u00e4tten. Dar\u00fcber hinaus h\u00e4tten wir Ihnen ebenfalls gerne weiterf\u00fchrende Informationen zur anstehenden COPSOQ-Befragung ab Mai 2020 f\u00fcr den Regierungsbezirk M\u00fcnster gegeben. Hierzu hatten wir bereits ein neues Veranstaltungskonzept, unter Einbeziehung aller uns zur Verf\u00fcgung stehenden Informationen sowie qualifizierter und kompetenter Referent*innen, erarbeitet. Aber &#8211; unsere Gesundheit hat, bei allem dienstlichen Interesse, nat\u00fcrlich absolute Priorit\u00e4t! Wir werden uns bem\u00fchen, Ihnen die oben genannten Informationen zeitnah \u00fcber einen anderen Weg zukommen zu lassen. Sollten in der Zwischenzeit Fragen Ihrerseits auftauchen, melden Sie sich bitte!<\/p>\n\n\n\n<p>Ab morgen schlie\u00dft die Stadt Bottrop auch unser Personalratsb\u00fcro. Sie k\u00f6nnen uns aber selbstverst\u00e4ndlich weiterhin \u00fcber Mail <a href=\"mailto:lehrerpersonalrat@bottrop.de\">lehrerpersonalrat@bottrop.de<\/a> und auch \u00fcber die PR-Rufnummer 02041-703583 erreichen.<\/p>\n\n\n\n<p><strong>Passen Sie auf sich auf und bleiben Sie gesund!<\/strong><\/p>\n\n\n\n<p>Herzlichst,<\/p>\n\n\n\n<p>Heike Murglat (Vorsitzende)<\/p>\n","protected":false},"excerpt":{"rendered":"<p>! ABSAGE PERSONALVERSAMMLUNG AM 28.04.2020 ! Liebe Kolleginnen und Kollegen, wir hoffen alle, dass wir diese schwierige Zeit gemeinsam gesund \u00fcberstehen! Leider liegen und lagen uns auch keine anderen Informationen, als die ver\u00f6ffentlichten Erlasse und die Berichterstattungen aus den Medien zum Umgang mit dem Corona-Virus in den Schulen vor. Vor kurzem habe ich die Terminank\u00fcndigung &hellip; <a href=\"https:\/\/personalrat-grundschule-bottrop.de\/?page_id=778\" class=\"more-link\"><span class=\"screen-reader-text\">\u201ePersonalversammlung 2020\u201c <\/span>weiterlesen<\/a><\/p>\n","protected":false},"author":1,"featured_media":0,"parent":0,"menu_order":0,"comment_status":"closed","ping_status":"closed","template":"","meta":{"footnotes":""},"class_list":["post-778","page","type-page","status-publish","hentry"],"_links":{"self":[{"href":"https:\/\/personalrat-grundschule-bottrop.de\/index.php?rest_route=\/wp\/v2\/pages\/778","targetHints":{"allow":["GET"]}}],"collection":[{"href":"https:\/\/personalrat-grundschule-bottrop.de\/index.php?rest_route=\/wp\/v2\/pages"}],"about":[{"href":"https:\/\/personalrat-grundschule-bottrop.de\/index.php?rest_route=\/wp\/v2\/types\/page"}],"author":[{"embeddable":true,"href":"https:\/\/personalrat-grundschule-bottrop.de\/index.php?rest_route=\/wp\/v2\/users\/1"}],"replies":[{"embeddable":true,"href":"https:\/\/personalrat-grundschule-bottrop.de\/index.php?rest_route=%2Fwp%2Fv2%2Fcomments&post=778"}],"version-history":[{"count":1,"href":"https:\/\/personalrat-grundschule-bottrop.de\/index.php?rest_route=\/wp\/v2\/pages\/778\/revisions"}],"predecessor-version":[{"id":779,"href":"https:\/\/personalrat-grundschule-bottrop.de\/index.php?rest_route=\/wp\/v2\/pages\/778\/revisions\/779"}],"wp:attachment":[{"href":"https:\/\/personalrat-grundschule-bottrop.de\/index.php?rest_route=%2Fwp%2Fv2%2Fmedia&parent=778"}],"curies":[{"name":"wp","href":"https:\/\/api.w.org\/{rel}","templated":true}]}}