{"id":605,"date":"2018-05-01T08:33:18","date_gmt":"2018-05-01T08:33:18","guid":{"rendered":"http:\/\/personalrat-grundschule-bottrop.de\/?page_id=605"},"modified":"2018-05-03T12:30:16","modified_gmt":"2018-05-03T12:30:16","slug":"verbandbuch","status":"publish","type":"page","link":"https:\/\/personalrat-grundschule-bottrop.de\/?page_id=605","title":{"rendered":"Verbandbuch"},"content":{"rendered":"<p>Laut den Vorgaben des Landes NRW in Zusammenarbeit mit der BAD GmbH m\u00fcssen alle schulischen Unf\u00e4lle dokumentiert werden.<\/p>\n<p>Die Ersthelfer*innen f\u00fchren ein Verbandbuch, in dem sie ihre Hilfeleistungen notieren.\u00a0Ebenso wie f\u00fcr die SuS m\u00fcssen z.B. Pflasterausgaben bei Arbeitsunf\u00e4llen von Lehrkr\u00e4ften dokumentiert werden. Sollte sich n\u00e4mlich aus einer Unfallverletzung ein dauerhafter Schaden entwickeln, so m\u00fcssen Sie\u00a0die Verletzung w\u00e4hrend der Arbeitszeit gegen\u00fcber\u00a0der gesetzlichen Unfallversicherung nachweisen.<\/p>\n<p>Ein Verbandbuch wird von der Unfallkasse NRW (unter DGUV Information 204-020- (GUV-I 511-1)) kostenlos zur Verf\u00fcgung gestellt. Die B\u00fccher mindestnes f\u00fcr 5 Jahre aufbewahrt werden.<\/p>\n<p>Weitere Informationen zum Verbandbuch finden sich auch im <a href=\"https:\/\/personalrat-grundschule-bottrop.de\/?page_id=45\">Downlaodbereich der Homepage<\/a> und k\u00f6nnen <a href=\"https:\/\/personalrat-grundschule-bottrop.de\/wp-content\/uploads\/2018\/05\/Info-Verbandsbuch.doc.pdf\">hier<\/a>\u00a0heruntergeladen werden.<\/p>\n<p>&nbsp;<\/p>\n","protected":false},"excerpt":{"rendered":"<p>Laut den Vorgaben des Landes NRW in Zusammenarbeit mit der BAD GmbH m\u00fcssen alle schulischen Unf\u00e4lle dokumentiert werden. Die Ersthelfer*innen f\u00fchren ein Verbandbuch, in dem sie ihre Hilfeleistungen notieren.\u00a0Ebenso wie f\u00fcr die SuS m\u00fcssen z.B. Pflasterausgaben bei Arbeitsunf\u00e4llen von Lehrkr\u00e4ften dokumentiert werden. Sollte sich n\u00e4mlich aus einer Unfallverletzung ein dauerhafter Schaden entwickeln, so m\u00fcssen Sie\u00a0die &hellip; <a href=\"https:\/\/personalrat-grundschule-bottrop.de\/?page_id=605\" class=\"more-link\"><span class=\"screen-reader-text\">\u201eVerbandbuch\u201c <\/span>weiterlesen<\/a><\/p>\n","protected":false},"author":1,"featured_media":0,"parent":0,"menu_order":0,"comment_status":"closed","ping_status":"closed","template":"","meta":{"footnotes":""},"class_list":["post-605","page","type-page","status-publish","hentry"],"_links":{"self":[{"href":"https:\/\/personalrat-grundschule-bottrop.de\/index.php?rest_route=\/wp\/v2\/pages\/605","targetHints":{"allow":["GET"]}}],"collection":[{"href":"https:\/\/personalrat-grundschule-bottrop.de\/index.php?rest_route=\/wp\/v2\/pages"}],"about":[{"href":"https:\/\/personalrat-grundschule-bottrop.de\/index.php?rest_route=\/wp\/v2\/types\/page"}],"author":[{"embeddable":true,"href":"https:\/\/personalrat-grundschule-bottrop.de\/index.php?rest_route=\/wp\/v2\/users\/1"}],"replies":[{"embeddable":true,"href":"https:\/\/personalrat-grundschule-bottrop.de\/index.php?rest_route=%2Fwp%2Fv2%2Fcomments&post=605"}],"version-history":[{"count":3,"href":"https:\/\/personalrat-grundschule-bottrop.de\/index.php?rest_route=\/wp\/v2\/pages\/605\/revisions"}],"predecessor-version":[{"id":612,"href":"https:\/\/personalrat-grundschule-bottrop.de\/index.php?rest_route=\/wp\/v2\/pages\/605\/revisions\/612"}],"wp:attachment":[{"href":"https:\/\/personalrat-grundschule-bottrop.de\/index.php?rest_route=%2Fwp%2Fv2%2Fmedia&parent=605"}],"curies":[{"name":"wp","href":"https:\/\/api.w.org\/{rel}","templated":true}]}}