{"id":568,"date":"2018-03-12T08:57:50","date_gmt":"2018-03-12T08:57:50","guid":{"rendered":"http:\/\/personalrat-grundschule-bottrop.de\/?page_id=568"},"modified":"2018-05-16T12:32:41","modified_gmt":"2018-05-16T12:32:41","slug":"material-fuer-lehrerraete","status":"publish","type":"page","link":"https:\/\/personalrat-grundschule-bottrop.de\/?page_id=568","title":{"rendered":"Material f\u00fcr Lehrerr\u00e4te"},"content":{"rendered":"<p>Hier finden Sie aktuelle Materialien zum Austauschtreffen von Lehrerr\u00e4ten und Personalrat vom 06.03.2018:<\/p>\n<ul>\n<li><a href=\"https:\/\/personalrat-grundschule-bottrop.de\/wp-content\/uploads\/2018\/04\/PP-Austausch-PR-LR-final.pptx\">PowerPoint Pr\u00e4sentation<\/a><\/li>\n<li><a href=\"https:\/\/personalrat-grundschule-bottrop.de\/wp-content\/uploads\/2018\/03\/Linkliste-Lehrerr\u00e4te.pdf\">Linkliste f\u00fcr Lehrerr\u00e4te<\/a><\/li>\n<li><a href=\"https:\/\/personalrat-grundschule-bottrop.de\/wp-content\/uploads\/2018\/03\/Checkliste-Lehrerrat.pdf\">Checkliste f\u00fcr Lehrerr\u00e4te<\/a><\/li>\n<\/ul>\n","protected":false},"excerpt":{"rendered":"<p>Hier finden Sie aktuelle Materialien zum Austauschtreffen von Lehrerr\u00e4ten und Personalrat vom 06.03.2018: PowerPoint Pr\u00e4sentation Linkliste f\u00fcr Lehrerr\u00e4te Checkliste f\u00fcr Lehrerr\u00e4te<\/p>\n","protected":false},"author":1,"featured_media":0,"parent":0,"menu_order":0,"comment_status":"closed","ping_status":"closed","template":"","meta":{"footnotes":""},"class_list":["post-568","page","type-page","status-publish","hentry"],"_links":{"self":[{"href":"https:\/\/personalrat-grundschule-bottrop.de\/index.php?rest_route=\/wp\/v2\/pages\/568","targetHints":{"allow":["GET"]}}],"collection":[{"href":"https:\/\/personalrat-grundschule-bottrop.de\/index.php?rest_route=\/wp\/v2\/pages"}],"about":[{"href":"https:\/\/personalrat-grundschule-bottrop.de\/index.php?rest_route=\/wp\/v2\/types\/page"}],"author":[{"embeddable":true,"href":"https:\/\/personalrat-grundschule-bottrop.de\/index.php?rest_route=\/wp\/v2\/users\/1"}],"replies":[{"embeddable":true,"href":"https:\/\/personalrat-grundschule-bottrop.de\/index.php?rest_route=%2Fwp%2Fv2%2Fcomments&post=568"}],"version-history":[{"count":6,"href":"https:\/\/personalrat-grundschule-bottrop.de\/index.php?rest_route=\/wp\/v2\/pages\/568\/revisions"}],"predecessor-version":[{"id":623,"href":"https:\/\/personalrat-grundschule-bottrop.de\/index.php?rest_route=\/wp\/v2\/pages\/568\/revisions\/623"}],"wp:attachment":[{"href":"https:\/\/personalrat-grundschule-bottrop.de\/index.php?rest_route=%2Fwp%2Fv2%2Fmedia&parent=568"}],"curies":[{"name":"wp","href":"https:\/\/api.w.org\/{rel}","templated":true}]}}