{"id":45,"date":"2016-11-05T11:40:02","date_gmt":"2016-11-05T11:40:02","guid":{"rendered":"http:\/\/personalrat-grundschule-bottrop.de\/?page_id=45"},"modified":"2024-03-05T15:54:38","modified_gmt":"2024-03-05T15:54:38","slug":"formulare-und-rundbriefe","status":"publish","type":"page","link":"https:\/\/personalrat-grundschule-bottrop.de\/?page_id=45","title":{"rendered":"Formulare und Rundbriefe"},"content":{"rendered":"<p><strong>Personalrats-Infos<\/strong><\/p>\n<ul>\n<li style=\"list-style-type: none;\">\n<ul>\n<li><a href=\"https:\/\/personalrat-grundschule-bottrop.de\/?p=1052\">Personalrats-Info-1-2024<\/a><\/li>\n<\/ul>\n<\/li>\n<\/ul>\n<p><em>(Zu unseren archivierten PR-Infos aus den Jahren 2017 &#8211; 2023 gelangen sie \u00fcber unsere Seite <a href=\"https:\/\/personalrat-grundschule-bottrop.de\/?page_id=834\">Personalrats-Infos (Archiv)<\/a>)<\/em><\/p>\n<ul>\n<li><strong>Anzeige eines Dienstunfalls<\/strong>\n<ul>\n<li>F\u00fcr Beamte:\u00a0<a href=\"https:\/\/personalrat-grundschule-bottrop.de\/wp-content\/uploads\/2018\/02\/Anzeige-Dienstunfall-Beamte.pdf\">Anzeige Dienstunfall &#8211; Beamte<\/a><\/li>\n<li>F\u00fcr Nicht-Beamte:\u00a0<a href=\"https:\/\/personalrat-grundschule-bottrop.de\/wp-content\/uploads\/2018\/02\/Anzeige-Dienstunfall-Nicht-Beamte.pdf\">Anzeige Dienstunfall &#8211; Tarifbesch\u00e4ftigte<\/a><\/li>\n<li><a href=\"https:\/\/personalrat-grundschule-bottrop.de\/?p=937\">Fragebogen \u2013 Dienstunfallanzeige \u2013 SARS-CoV-2 Erkrankung<\/a><\/li>\n<\/ul>\n<\/li>\n<li><strong>Beantragung von Jubil\u00e4umsgeld<\/strong>\n<ul>\n<li><a href=\"https:\/\/personalrat-grundschule-bottrop.de\/wp-content\/uploads\/2018\/03\/Formular-Beantragung-Jubil\u00e4umsgeld.pdf\">Formular Beantragung Jubil\u00e4umsgeld<\/a><\/li>\n<\/ul>\n<\/li>\n<li><strong>Dienstreiseantrag<\/strong>\n<ul>\n<li><a href=\"https:\/\/personalrat-grundschule-bottrop.de\/wp-content\/uploads\/2016\/12\/Antrag_auf_Dienstreise.pdf\">Als PDF Dokument zum Ausdrucken<\/a><\/li>\n<\/ul>\n<\/li>\n<li><strong>Richtlinien f\u00fcr die dienstliche Beurteilung von Lehrer*innen<\/strong>\n<ul>\n<li><a href=\"https:\/\/personalrat-grundschule-bottrop.de\/wp-content\/uploads\/2018\/02\/Beurteilungsrichtlinien-Lehrkraefte-neu.pdf\">Beurteilungsrichtlinien-Lehrkraefte-neu<\/a><\/li>\n<\/ul>\n<\/li>\n<li><strong>Ruhegehaltsberechnung<\/strong>\n<ul>\n<li><a href=\"https:\/\/personalrat-grundschule-bottrop.de\/wp-content\/uploads\/2016\/11\/Fragebogen-Ruhegehalt.doc\">Fragebogen zur Ruhegehaltsberechnung<\/a>\n<ul>\n<li>Weitere Informationen zum Thema Ruhegehaltsberechnung finden Sie auf der <a href=\"https:\/\/personalrat-grundschule-bottrop.de\/?page_id=77\">passenden Informationsseite.<\/a><\/li>\n<\/ul>\n<\/li>\n<li><a href=\"https:\/\/personalrat-grundschule-bottrop.de\/wp-content\/uploads\/2018\/07\/Antrag-Studienzeiten-und-Vordienstzeiten-LBV.docx\">Antrag Studienzeiten und Vordienstzeiten LBV<\/a><\/li>\n<li><a href=\"https:\/\/personalrat-grundschule-bottrop.de\/wp-content\/uploads\/2018\/07\/Antrag-Studienzeiten-und-Vordienstzeiten-Bezirksregierung.docx\">Antrag Studienzeiten und Vordienstzeiten Bezirksregierung<\/a>\n<ul>\n<li>Weitere Informationen zur Anrechnung von Studienzeiten finden sie <a href=\"https:\/\/personalrat-grundschule-bottrop.de\/?p=662\">hier<\/a>.<\/li>\n<\/ul>\n<\/li>\n<\/ul>\n<\/li>\n<li><strong>Verbandbuch<\/strong>\n<ul>\n<li><a href=\"https:\/\/personalrat-grundschule-bottrop.de\/wp-content\/uploads\/2018\/05\/Info-Verbandsbuch.doc.pdf\">Informationen zum Verbandbuch an Schulen<\/a><\/li>\n<\/ul>\n<\/li>\n<li><strong>Vorstellung des neuen Personalrates 2020<\/strong>\n<ul>\n<li><a href=\"https:\/\/personalrat-grundschule-bottrop.de\/wp-content\/uploads\/2020\/12\/Vorstellung-Personalrat-fu\u0308r-Grundschulen-in-Bottrop.pdf\">Vorstellung Personalrat fu\u0308r Grundschulen in Bottrop<\/a><\/li>\n<\/ul>\n<\/li>\n<\/ul>\n<hr \/>\n<ul>\n<li><strong>Rundbriefe<\/strong>\n<ul>\n<li><a href=\"https:\/\/personalrat-grundschule-bottrop.de\/wp-content\/uploads\/2016\/12\/Antrag-Neufestsetzung-der-Erfahrungsstufe.pdf\">Antrag auf Neufestsetzung der Erfahrungsstufe<\/a><\/li>\n<li><a href=\"https:\/\/personalrat-grundschule-bottrop.de\/wp-content\/uploads\/2017\/01\/Einladung-Austausch-Personalrat-und-Schulleitungen-01-2017.pdf\">Einladung zum Austausch von Personalrat und Schulleitungen am 31.01.2017<\/a><\/li>\n<\/ul>\n<\/li>\n<\/ul>\n","protected":false},"excerpt":{"rendered":"<p>Personalrats-Infos Personalrats-Info-1-2024 (Zu unseren archivierten PR-Infos aus den Jahren 2017 &#8211; 2023 gelangen sie \u00fcber unsere Seite Personalrats-Infos (Archiv)) Anzeige eines Dienstunfalls F\u00fcr Beamte:\u00a0Anzeige Dienstunfall &#8211; Beamte F\u00fcr Nicht-Beamte:\u00a0Anzeige Dienstunfall &#8211; Tarifbesch\u00e4ftigte Fragebogen \u2013 Dienstunfallanzeige \u2013 SARS-CoV-2 Erkrankung Beantragung von Jubil\u00e4umsgeld Formular Beantragung Jubil\u00e4umsgeld Dienstreiseantrag Als PDF Dokument zum Ausdrucken Richtlinien f\u00fcr die dienstliche Beurteilung &hellip; <a href=\"https:\/\/personalrat-grundschule-bottrop.de\/?page_id=45\" class=\"more-link\"><span class=\"screen-reader-text\">\u201eFormulare und Rundbriefe\u201c <\/span>weiterlesen<\/a><\/p>\n","protected":false},"author":1,"featured_media":0,"parent":0,"menu_order":0,"comment_status":"closed","ping_status":"closed","template":"","meta":{"footnotes":""},"class_list":["post-45","page","type-page","status-publish","hentry"],"_links":{"self":[{"href":"https:\/\/personalrat-grundschule-bottrop.de\/index.php?rest_route=\/wp\/v2\/pages\/45","targetHints":{"allow":["GET"]}}],"collection":[{"href":"https:\/\/personalrat-grundschule-bottrop.de\/index.php?rest_route=\/wp\/v2\/pages"}],"about":[{"href":"https:\/\/personalrat-grundschule-bottrop.de\/index.php?rest_route=\/wp\/v2\/types\/page"}],"author":[{"embeddable":true,"href":"https:\/\/personalrat-grundschule-bottrop.de\/index.php?rest_route=\/wp\/v2\/users\/1"}],"replies":[{"embeddable":true,"href":"https:\/\/personalrat-grundschule-bottrop.de\/index.php?rest_route=%2Fwp%2Fv2%2Fcomments&post=45"}],"version-history":[{"count":41,"href":"https:\/\/personalrat-grundschule-bottrop.de\/index.php?rest_route=\/wp\/v2\/pages\/45\/revisions"}],"predecessor-version":[{"id":1056,"href":"https:\/\/personalrat-grundschule-bottrop.de\/index.php?rest_route=\/wp\/v2\/pages\/45\/revisions\/1056"}],"wp:attachment":[{"href":"https:\/\/personalrat-grundschule-bottrop.de\/index.php?rest_route=%2Fwp%2Fv2%2Fmedia&parent=45"}],"curies":[{"name":"wp","href":"https:\/\/api.w.org\/{rel}","templated":true}]}}