{"id":346,"date":"2017-02-28T14:40:25","date_gmt":"2017-02-28T14:40:25","guid":{"rendered":"http:\/\/personalrat-grundschule-bottrop.de\/?page_id=346"},"modified":"2017-07-04T10:25:15","modified_gmt":"2017-07-04T10:25:15","slug":"personalrat-vor-ortpersonalrat-mobil-noch-in-arbeit","status":"publish","type":"page","link":"https:\/\/personalrat-grundschule-bottrop.de\/?page_id=346","title":{"rendered":"Personalrat mobil"},"content":{"rendered":"<p>Da wir nicht nur unsere <a href=\"https:\/\/personalrat-grundschule-bottrop.de\/?page_id=90\">Sprechstunde <\/a>zum Austausch mit Ihnen nutzen m\u00f6chten, bieten wir an, unsere Personalratssitzung an Ihrer Schule abzuhalten. Im Anschluss an die Sitzung st\u00e4nden wir dann f\u00fcr aktuelle Fragen oder Probleme zur Verf\u00fcgung. Wir m\u00f6chten wissen, was Sie bewegt und wie wir Ihnen helfen k\u00f6nnen &#8211; dem\/der einzelnen Kolleg*in, dem Lehrerrat, der Schulleitung!<\/p>\n<p><img loading=\"lazy\" decoding=\"async\" class=\"size-full wp-image-456 aligncenter\" src=\"https:\/\/personalrat-grundschule-bottrop.de\/wp-content\/uploads\/2017\/02\/PR-mobil.jpg\" alt=\"\" width=\"463\" height=\"527\" srcset=\"https:\/\/personalrat-grundschule-bottrop.de\/wp-content\/uploads\/2017\/02\/PR-mobil.jpg 463w, https:\/\/personalrat-grundschule-bottrop.de\/wp-content\/uploads\/2017\/02\/PR-mobil-264x300.jpg 264w\" sizes=\"auto, (max-width: 463px) 85vw, 463px\" \/><\/p>\n<p>Im neuen Schuljahr finden Sie an dieser Stelle unseren aktuellen Sitzungsplan und k\u00f6nnen zur Buchung des PR mobil einen Termin mit uns vereinbaren.<\/p>\n","protected":false},"excerpt":{"rendered":"<p>Da wir nicht nur unsere Sprechstunde zum Austausch mit Ihnen nutzen m\u00f6chten, bieten wir an, unsere Personalratssitzung an Ihrer Schule abzuhalten. Im Anschluss an die Sitzung st\u00e4nden wir dann f\u00fcr aktuelle Fragen oder Probleme zur Verf\u00fcgung. Wir m\u00f6chten wissen, was Sie bewegt und wie wir Ihnen helfen k\u00f6nnen &#8211; dem\/der einzelnen Kolleg*in, dem Lehrerrat, der &hellip; <a href=\"https:\/\/personalrat-grundschule-bottrop.de\/?page_id=346\" class=\"more-link\"><span class=\"screen-reader-text\">\u201ePersonalrat mobil\u201c <\/span>weiterlesen<\/a><\/p>\n","protected":false},"author":1,"featured_media":0,"parent":0,"menu_order":0,"comment_status":"closed","ping_status":"closed","template":"","meta":{"footnotes":""},"class_list":["post-346","page","type-page","status-publish","hentry"],"_links":{"self":[{"href":"https:\/\/personalrat-grundschule-bottrop.de\/index.php?rest_route=\/wp\/v2\/pages\/346","targetHints":{"allow":["GET"]}}],"collection":[{"href":"https:\/\/personalrat-grundschule-bottrop.de\/index.php?rest_route=\/wp\/v2\/pages"}],"about":[{"href":"https:\/\/personalrat-grundschule-bottrop.de\/index.php?rest_route=\/wp\/v2\/types\/page"}],"author":[{"embeddable":true,"href":"https:\/\/personalrat-grundschule-bottrop.de\/index.php?rest_route=\/wp\/v2\/users\/1"}],"replies":[{"embeddable":true,"href":"https:\/\/personalrat-grundschule-bottrop.de\/index.php?rest_route=%2Fwp%2Fv2%2Fcomments&post=346"}],"version-history":[{"count":23,"href":"https:\/\/personalrat-grundschule-bottrop.de\/index.php?rest_route=\/wp\/v2\/pages\/346\/revisions"}],"predecessor-version":[{"id":507,"href":"https:\/\/personalrat-grundschule-bottrop.de\/index.php?rest_route=\/wp\/v2\/pages\/346\/revisions\/507"}],"wp:attachment":[{"href":"https:\/\/personalrat-grundschule-bottrop.de\/index.php?rest_route=%2Fwp%2Fv2%2Fmedia&parent=346"}],"curies":[{"name":"wp","href":"https:\/\/api.w.org\/{rel}","templated":true}]}}