{"id":308,"date":"2017-01-24T09:49:30","date_gmt":"2017-01-24T09:49:30","guid":{"rendered":"http:\/\/personalrat-grundschule-bottrop.de\/?page_id=308"},"modified":"2017-03-08T10:36:52","modified_gmt":"2017-03-08T10:36:52","slug":"abordnungen-noch-in-arbeit","status":"publish","type":"page","link":"https:\/\/personalrat-grundschule-bottrop.de\/?page_id=308","title":{"rendered":"Abordnungen"},"content":{"rendered":"<p data-canvas-width=\"677.832913333333\">Laut allgemeiner Dienstordnung (ADO) kann &#8222;die Schulaufsichtsbeh\u00f6rde (&#8230;) eine Lehrerin oder einen Lehrer (&#8230;) durch Teilabordnung verpflichten, an mehreren Schulen der eigenen oder einer anderen Schulform zu unterrichten&#8220; (\u00a7 12 Abs. 5 ADO).<\/p>\n<p data-canvas-width=\"429.6571066666669\">Eine Abordnung ist dabei immer eine vor\u00fcbergehende Ma\u00dfnahme (\u00a7 24 Abs. 2 Landesbeamtengesetz &#8211; LBG). Eine Abordnung kann in Form einer Teilabordnung oder einer Vollabordnung vollzogen werden. &#8222;Vor der Abordnung ist die Beamtin oder der Beamte zu h\u00f6ren.&#8220; (\u00a7 24 Abs. 5 LBG).<\/p>\n<p style=\"padding-left: 30px;\" data-canvas-width=\"429.6571066666669\">Die M\u00f6glichkeit der Abordnung tarifbesch\u00e4ftigter Lehrkr\u00e4fte ist im Tarifvertrag der L\u00e4nder &#8211; TV-L geregelt. Grunds\u00e4tzlich gelten die gleichen Regeln und Verordnungen wie f\u00fcr verbeamtete Lehrer*innen. Die Anh\u00f6rung findet allerdings schon bei Abordnungen von mehr als 3 Monaten statt (\u00a74 Abs. 1 TV-L).<\/p>\n<p>Sollten Sie w\u00e4hrend Ihrer Arbeit an einer Grundschule in Bottrop \u00fcber das laufende Schulhalbjahr hinaus an eine andere Schule abgeordnet werden, so ist daf\u00fcr die Zustimmung des \u00f6rtlichen Personalrats n\u00f6tig.\u00a0Dabei ist zu beachten, dass auch einzelne, ununterbrochen aneinandergereihte Abordnungen der Zustimmungspflicht des Personalrats unterliegen.<\/p>\n<p style=\"padding-left: 30px;\"><em>Bitte bedenken Sie, dass eine Abordnung erst dann vollzogen werden darf, wenn Ihnen die schriftliche Abordnungsverf\u00fcgung des \u00f6rtlichen Schulamtes\u00a0 vorliegt. Anderenfalls besteht keine Versicherung im Falle eines Dienstunfalls.\u00a0<\/em><\/p>\n<p>Da Sie im Rahmen der Arbeit an mehreren Schulen auf Absprachen mit den Schulleitungen angewiesen sind (Stundenplanung, Pausenzeiten, Aufsichten, Konferenzteilnahme, etc.), unterst\u00fctzen und beraten wir Sie diesbez\u00fcglich gerne. <a href=\"https:\/\/personalrat-grundschule-bottrop.de\/?page_id=90\">Sprechen Sie uns an<\/a>!<\/p>\n<p style=\"padding-left: 30px;\"><em>Bei einer Abordnung von mehr als 6 Monaten an eine neue Schulform sind Sie automatisch Wahlberechtigte*r zur Wahl des Personalrats. Sollten Sie gleichzeitig an mehreren Schulformen arbeiten, so sind Sie f\u00fcr alle Schulformen wahlberechtigt.<\/em><\/p>\n<p>Im Zuge der Abordnung anfallende Fahrtkosten f\u00fcr den Wechsel zwischen den Schulen sind \u00fcber das Schulamt der Stadt Bottrop abzurechnen. Eine detailierte (aber formlose) Auflistung der Fahrten ist an <a href=\"https:\/\/www.bottrop.de\/vv\/personen\/dezernat3\/51_n\/51_3\/51_3_3\/Sabine_Wagner.php\">Frau Wagner<\/a> zu richten. Die Auflistung sollte Ihre Bankverbindungsdaten enthalten und von der Schulleitung Ihrer Stammschule und Ihnen selbst unterschrieben sein.<\/p>\n<p style=\"padding-left: 30px;\"><em>Es werden vom Schulamt ausschlie\u00dflich die Fahrten der letzten 6 Monate erstattet. Bitte denken Sie daran ihre Abrechnung<strong> rechtzeitig<\/strong> einzureichen.<\/em><\/p>\n","protected":false},"excerpt":{"rendered":"<p>Laut allgemeiner Dienstordnung (ADO) kann &#8222;die Schulaufsichtsbeh\u00f6rde (&#8230;) eine Lehrerin oder einen Lehrer (&#8230;) durch Teilabordnung verpflichten, an mehreren Schulen der eigenen oder einer anderen Schulform zu unterrichten&#8220; (\u00a7 12 Abs. 5 ADO). Eine Abordnung ist dabei immer eine vor\u00fcbergehende Ma\u00dfnahme (\u00a7 24 Abs. 2 Landesbeamtengesetz &#8211; LBG). Eine Abordnung kann in Form einer Teilabordnung &hellip; <a href=\"https:\/\/personalrat-grundschule-bottrop.de\/?page_id=308\" class=\"more-link\"><span class=\"screen-reader-text\">\u201eAbordnungen\u201c <\/span>weiterlesen<\/a><\/p>\n","protected":false},"author":1,"featured_media":0,"parent":0,"menu_order":0,"comment_status":"closed","ping_status":"closed","template":"","meta":{"footnotes":""},"class_list":["post-308","page","type-page","status-publish","hentry"],"_links":{"self":[{"href":"https:\/\/personalrat-grundschule-bottrop.de\/index.php?rest_route=\/wp\/v2\/pages\/308","targetHints":{"allow":["GET"]}}],"collection":[{"href":"https:\/\/personalrat-grundschule-bottrop.de\/index.php?rest_route=\/wp\/v2\/pages"}],"about":[{"href":"https:\/\/personalrat-grundschule-bottrop.de\/index.php?rest_route=\/wp\/v2\/types\/page"}],"author":[{"embeddable":true,"href":"https:\/\/personalrat-grundschule-bottrop.de\/index.php?rest_route=\/wp\/v2\/users\/1"}],"replies":[{"embeddable":true,"href":"https:\/\/personalrat-grundschule-bottrop.de\/index.php?rest_route=%2Fwp%2Fv2%2Fcomments&post=308"}],"version-history":[{"count":18,"href":"https:\/\/personalrat-grundschule-bottrop.de\/index.php?rest_route=\/wp\/v2\/pages\/308\/revisions"}],"predecessor-version":[{"id":409,"href":"https:\/\/personalrat-grundschule-bottrop.de\/index.php?rest_route=\/wp\/v2\/pages\/308\/revisions\/409"}],"wp:attachment":[{"href":"https:\/\/personalrat-grundschule-bottrop.de\/index.php?rest_route=%2Fwp%2Fv2%2Fmedia&parent=308"}],"curies":[{"name":"wp","href":"https:\/\/api.w.org\/{rel}","templated":true}]}}