{"id":157,"date":"2016-12-13T11:29:58","date_gmt":"2016-12-13T11:29:58","guid":{"rendered":"http:\/\/personalrat-grundschule-bottrop.de\/?page_id=157"},"modified":"2017-07-04T12:46:39","modified_gmt":"2017-07-04T12:46:39","slug":"gemeinsames-lernen-noch-in-arbeit","status":"publish","type":"page","link":"https:\/\/personalrat-grundschule-bottrop.de\/?page_id=157","title":{"rendered":"Inklusion\/Gemeinsames Lernen"},"content":{"rendered":"<p>In Bottrop sind momentan 7 Grundschulen Orte des Gemeinsamen Lernens:<\/p>\n<ul>\n<li>GS Welheim<\/li>\n<li>GS F\u00fcrstenberg<\/li>\n<li>GS Grafenwald<\/li>\n<li>GS Ludgerus<\/li>\n<li>GS Rheinbaben<\/li>\n<li>GS Schiller<\/li>\n<li>GS Albert-Schweitzer<\/li>\n<\/ul>\n<p>An diesen Schulen arbeiten Sonderp\u00e4dagog*innen, die f\u00fcr die Beschulung von Kindern mit sonderp\u00e4dagogischen Unterst\u00fctzungsbedarfen sowie f\u00fcr die Beratung der Grundschulkolleg*innen zur Verf\u00fcgung stehen.<\/p>\n<p>Die Umsetzung der Inklusion\/des Gemeinsamen Lernens stellt uns vor gro\u00dfe Herausforderungen und teilweise sicher auch Belastungen. Wir m\u00f6chten Ihnen deshalb Anlaufstellen zur Unterst\u00fctzung auflisten und anbieten:<\/p>\n<ul>\n<li><a href=\"https:\/\/www.bottrop.de\/vv\/oe\/dezernat3\/51\/51_3\/51_3_3\/113010100000133031.php\">Schulamt der Stadt Bottrop<\/a><\/li>\n<\/ul>\n<p style=\"padding-left: 30px;\">Hier arbeiten 2 Mitarbeiter*innen als IKOs (Inklusionskoordinator*innen).\u00a0 <a href=\"https:\/\/www.bottrop.de\/vv\/personen\/dezernat3\/51_n\/51_3\/51_3_3\/113010100000143120.php\">Frau Nowak<\/a> und <a href=\"https:\/\/www.bottrop.de\/vv\/personen\/dezernat3\/51_n\/51_3\/51_3_3\/113010100000118703.php\">Herr R\u00fcttermann<\/a> sind mit der Koordination des GL und dem \u00dcbergang der Sch\u00fcler*innen von der Primar- in die Sekundarstufe beauftragt.<\/p>\n<p style=\"padding-left: 30px;\">Zus\u00e4tzlich arbeiten mit <a href=\"https:\/\/www.bottrop.de\/vv\/personen\/dezernat3\/51_n\/51_3\/51_3_3\/113010100000158782.php\">Frau Smit<\/a> und <a href=\"https:\/\/www.bottrop.de\/vv\/personen\/dezernat3\/51_n\/51_3\/51_3_3\/113010100000158783.php\">Herr Forreiter<\/a> zwei Mitarbeiter*innen als IFAs (Inklusionsfachberater*innen). Diese k\u00fcmmern sich um die Vernetzung der Lehrkr\u00e4fte f\u00fcr Sonderp\u00e4dagogik in Bottrop, f\u00f6rdern die Weiterentwicklung der sonderp\u00e4dagogischen Kompetenzen \u00fcber die studierten Fachrichtungen hinaus und entwickeln\u00a0die sonderp\u00e4dagogische F\u00f6rderung in den Schulen weiter.<\/p>\n<p style=\"padding-left: 30px;\">Au\u00dferdem existieren noch Fachberater*innen f\u00fcr die jeweiligen F\u00f6rderschwerpunkte: <a href=\"https:\/\/www.bottrop.de\/vv\/personen\/dezernat3\/51_n\/51_3\/51_3_3\/113010100000158783.php\">Herr Forreiter<\/a> (Emotionale und soziale Entwicklung=ESE), Frau Schalk (Lernen=LE), Frau Schneider (Sprache=SQ) sowie Frau Faets und Frau Heete (Autismus). Diese stehen insbesondere der Beratung von Schulen zur Verf\u00fcgung.<\/p>\n<p style=\"padding-left: 30px;\">Das Schulamt betreut zudem die <a href=\"http:\/\/binwer.de\/\">Bottroper Inklusionswerkstatt (BinWer)<\/a>, eine schulart\u00fcbergreifende Anlaufstelle f\u00fcr alle Lehrkr\u00e4fte, die Unterst\u00fctzung bei Fragen rund um die Inklusion suchen. Diese Werkstatt beinhaltet Ressourcen in Form von didaktischen und p\u00e4dagogischen Hilfen zu allen Fragen rund um die Inklusion.<\/p>\n<p style=\"padding-left: 30px;\">Die Koordination und Leitung des Arbeitsbereiches Inklusion obliegt der \u00f6rtlichen Schulaufsicht <a href=\"https:\/\/www.bottrop.de\/vv\/personen\/dezernat3\/51_n\/51_3\/51_3_3\/113010100000056294.php\">Frau Gr\u00fcter<\/a>.<\/p>\n<ul>\n<li><a href=\"http:\/\/www.bezreg-muenster.nrw.de\/de\/index.html\">Bezirksregierung M\u00fcnster<\/a><\/li>\n<\/ul>\n<p style=\"padding-left: 30px;\">Die Bezirksregierung M\u00fcnster hat ein\u00a0<a href=\"https:\/\/personalrat-grundschule-bottrop.de\/wp-content\/uploads\/2016\/12\/Tool_Unterstuetzungssysteme.pps\">Werkzeug\/Tool<\/a> entworfen und ver\u00f6ffentlicht, welches eine \u00dcbersicht \u00fcber die vielf\u00e4ltigen und komplexen Hilfestellungen seitens der Bezirksregierung zum Thema Inklusion gibt.<\/p>\n<p style=\"padding-left: 60px;\">Ein in diesem Zusammenhang neues und wichtiges Element der Unterst\u00fctzung stellt der <a href=\"http:\/\/www.bezreg-muenster.nrw.de\/zentralablage\/dokumente\/schule_und_bildung\/inklusion\/inklusionsordner\/Inklusionsordner_komplett.pdf\">Inklusionsordner<\/a>\u00a0dar. Dieser steht in gedruckter Form mittlerweile allen Bottroper Grundschulen zur Verf\u00fcgung und gibt Antworten auf vielf\u00e4ltige Fragen zum Bereich Inklusion\/GL.<\/p>\n<p><a href=\"http:\/\/www.bezreg-muenster.nrw.de\/zentralablage\/dokumente\/schule_und_bildung\/inklusion\/inklusive_schule\/Zeugnisse_im_GU.pdf\"><\/a>Bei Fragen oder Problemen zum Thema Inklusion\/GL sind wir als Personalrat nat\u00fcrlich auch Ihr\u00a0<a href=\"https:\/\/personalrat-grundschule-bottrop.de\/?page_id=90\">Ansprechpartner<\/a>. Neben langj\u00e4hrig im GL t\u00e4tigen Grundschullehrkr\u00e4ften haben wir mit Herrn Martin auch einen Sonderp\u00e4dagogen in unseren Reihen.<\/p>\n","protected":false},"excerpt":{"rendered":"<p>In Bottrop sind momentan 7 Grundschulen Orte des Gemeinsamen Lernens: GS Welheim GS F\u00fcrstenberg GS Grafenwald GS Ludgerus GS Rheinbaben GS Schiller GS Albert-Schweitzer An diesen Schulen arbeiten Sonderp\u00e4dagog*innen, die f\u00fcr die Beschulung von Kindern mit sonderp\u00e4dagogischen Unterst\u00fctzungsbedarfen sowie f\u00fcr die Beratung der Grundschulkolleg*innen zur Verf\u00fcgung stehen. Die Umsetzung der Inklusion\/des Gemeinsamen Lernens stellt uns &hellip; <a href=\"https:\/\/personalrat-grundschule-bottrop.de\/?page_id=157\" class=\"more-link\"><span class=\"screen-reader-text\">\u201eInklusion\/Gemeinsames Lernen\u201c <\/span>weiterlesen<\/a><\/p>\n","protected":false},"author":1,"featured_media":0,"parent":0,"menu_order":0,"comment_status":"closed","ping_status":"closed","template":"","meta":{"footnotes":""},"class_list":["post-157","page","type-page","status-publish","hentry"],"_links":{"self":[{"href":"https:\/\/personalrat-grundschule-bottrop.de\/index.php?rest_route=\/wp\/v2\/pages\/157","targetHints":{"allow":["GET"]}}],"collection":[{"href":"https:\/\/personalrat-grundschule-bottrop.de\/index.php?rest_route=\/wp\/v2\/pages"}],"about":[{"href":"https:\/\/personalrat-grundschule-bottrop.de\/index.php?rest_route=\/wp\/v2\/types\/page"}],"author":[{"embeddable":true,"href":"https:\/\/personalrat-grundschule-bottrop.de\/index.php?rest_route=\/wp\/v2\/users\/1"}],"replies":[{"embeddable":true,"href":"https:\/\/personalrat-grundschule-bottrop.de\/index.php?rest_route=%2Fwp%2Fv2%2Fcomments&post=157"}],"version-history":[{"count":34,"href":"https:\/\/personalrat-grundschule-bottrop.de\/index.php?rest_route=\/wp\/v2\/pages\/157\/revisions"}],"predecessor-version":[{"id":508,"href":"https:\/\/personalrat-grundschule-bottrop.de\/index.php?rest_route=\/wp\/v2\/pages\/157\/revisions\/508"}],"wp:attachment":[{"href":"https:\/\/personalrat-grundschule-bottrop.de\/index.php?rest_route=%2Fwp%2Fv2%2Fmedia&parent=157"}],"curies":[{"name":"wp","href":"https:\/\/api.w.org\/{rel}","templated":true}]}}