{"id":1011,"date":"2023-02-07T13:18:24","date_gmt":"2023-02-07T13:18:24","guid":{"rendered":"https:\/\/personalrat-grundschule-bottrop.de\/?page_id=1011"},"modified":"2023-04-19T07:42:29","modified_gmt":"2023-04-19T07:42:29","slug":"personalversammlung-2023","status":"publish","type":"page","link":"https:\/\/personalrat-grundschule-bottrop.de\/?page_id=1011","title":{"rendered":"Personalversammlung 2023"},"content":{"rendered":"\n<p>Die Situation in den Schulen ist unver\u00e4ndert herausfordernd und belastend. Wir Personalr\u00e4te wissen um die hohe, individuelle Belastung vor Ort und haben daher den Schwerpunkt der diesj\u00e4hrigen Personalversammlung auf die pr\u00e4ventive Gesundheitsvorsorge durch Stressreduktion gelegt. Um auf individuelle Stressoren eingehen und diese in die Personalversammlung einbeziehen zu k\u00f6nnen, hatten wir um eine Zusendung von \u201eEnergiefressern im Schulalltag\u201c gebeten. Dieser Aufforderung sind viele Kolleg*innen nachgekommen.<\/p>\n\n\n\n<p>Das Thema Belastung im Schulalltag sowie pr\u00e4ventive Gesundheitsvorsorge hat sehr viele Kolleg*innen angesprochen, was sich in der hohen Teilnehmerzahl von circa einem Drittel der Besch\u00e4ftigten an Bottroper Grundschulen wiederspiegelte. Auch hat es uns gefreut die Bottroper Schulaufsicht Frau Sulimma und den Schultr\u00e4ger Frau Alexius-Eifert begr\u00fc\u00dfen zu d\u00fcrfen.<\/p>\n\n\n\n<p>Wir bedanken uns auch auf diesem Wege nochmals f\u00fcr die zahlreichen R\u00fcckmeldungen im Vorhinein und auch w\u00e4hrend der Veranstaltung!<\/p>\n\n\n\n<p>Aus den individuellen R\u00fcckmeldungen zu eigenen Stressoren (Energiefresser) im Schulalltag der Kolleg*innen im Vorhinein haben wir Plakate erstellt, auf denen diese Energiefresser visualisiert wurden. &nbsp;Diese Plakate sollten w\u00e4hrend der Veranstaltung eine Austauschm\u00f6glichkeit f\u00fcr \u201ebest practice\u201c Beispiele\/ Ideen\/ L\u00f6sungen bieten.<\/p>\n\n\n\n<p>Zum Einstieg der Versammlung war es uns wichtig ein aktuelles Stimmungsbild abzufragen und den individuellen Stresspegel der anwesenden Kolleg*innen festzuhalten.<\/p>\n\n\n\n<figure class=\"wp-block-image size-full\"><img loading=\"lazy\" decoding=\"async\" width=\"214\" height=\"320\" src=\"https:\/\/personalrat-grundschule-bottrop.de\/wp-content\/uploads\/2023\/04\/PV2023-1-1.jpg\" alt=\"\" class=\"wp-image-1029\" srcset=\"https:\/\/personalrat-grundschule-bottrop.de\/wp-content\/uploads\/2023\/04\/PV2023-1-1.jpg 214w, https:\/\/personalrat-grundschule-bottrop.de\/wp-content\/uploads\/2023\/04\/PV2023-1-1-201x300.jpg 201w\" sizes=\"auto, (max-width: 214px) 85vw, 214px\" \/><\/figure>\n\n\n\n<p>Die Grafik verdeutlicht das hohe Stresslevel, welches die Kolleg*innen aktuell bei sich selbst wahrnehmen. Bezeichnend f\u00fcr die aktuelle Belastungssituation in Bottroper Grundschulen ist, dass sich niemand der Kategorie \u201eniedrig\u201c zugeordnet hat. Ganz im Gegenteil: mehr als die H\u00e4lfte hat sich dem orange-roten Bereich zuordnet.<\/p>\n\n\n\n<p>Um die Situation noch genauer abbilden zu k\u00f6nnen, haben wir im Anschluss an das Stimmungsbarometer die Teilnehmer*innen um die Beantwortung von 3 Fragen gebeten.<\/p>\n\n\n\n<figure class=\"wp-block-image size-full\"><img loading=\"lazy\" decoding=\"async\" width=\"320\" height=\"243\" src=\"https:\/\/personalrat-grundschule-bottrop.de\/wp-content\/uploads\/2023\/04\/PV2023-2.jpg\" alt=\"\" class=\"wp-image-1030\" srcset=\"https:\/\/personalrat-grundschule-bottrop.de\/wp-content\/uploads\/2023\/04\/PV2023-2.jpg 320w, https:\/\/personalrat-grundschule-bottrop.de\/wp-content\/uploads\/2023\/04\/PV2023-2-300x228.jpg 300w\" sizes=\"auto, (max-width: 320px) 85vw, 320px\" \/><\/figure>\n\n\n\n<figure class=\"wp-block-image size-full\"><img loading=\"lazy\" decoding=\"async\" width=\"320\" height=\"246\" src=\"https:\/\/personalrat-grundschule-bottrop.de\/wp-content\/uploads\/2023\/04\/PV2023-3.jpg\" alt=\"\" class=\"wp-image-1031\" srcset=\"https:\/\/personalrat-grundschule-bottrop.de\/wp-content\/uploads\/2023\/04\/PV2023-3.jpg 320w, https:\/\/personalrat-grundschule-bottrop.de\/wp-content\/uploads\/2023\/04\/PV2023-3-300x231.jpg 300w\" sizes=\"auto, (max-width: 320px) 85vw, 320px\" \/><\/figure>\n\n\n\n<figure class=\"wp-block-image size-full\"><img loading=\"lazy\" decoding=\"async\" width=\"320\" height=\"249\" src=\"https:\/\/personalrat-grundschule-bottrop.de\/wp-content\/uploads\/2023\/04\/PV2023-4.jpg\" alt=\"\" class=\"wp-image-1032\" srcset=\"https:\/\/personalrat-grundschule-bottrop.de\/wp-content\/uploads\/2023\/04\/PV2023-4.jpg 320w, https:\/\/personalrat-grundschule-bottrop.de\/wp-content\/uploads\/2023\/04\/PV2023-4-300x233.jpg 300w\" sizes=\"auto, (max-width: 320px) 85vw, 320px\" \/><\/figure>\n\n\n\n<p>Bei dieser Befragung wird erneut die Belastung der Kolleg*innen deutlich. Bei vielen bestehen bereits gesundheitliche Einschr\u00e4nkungen oder diese werden in naher Zukunft bef\u00fcrchtet.<\/p>\n\n\n\n<p>Um zumindest kurzfristige Ideen\/ L\u00f6sungen f\u00fcr den Schulalltag anzubieten oder anregen zu k\u00f6nnen, wurde ein offener Austausch zu den Energiefresserplakaten im Rahmen eines Rundgangs angeboten. Zu fast allen Energiefressern notierten die Teilnehmer*innen erste Ideen und \u201ebest practice\u201c Beispiele. Diese wurden von uns im Anschluss nicht nur fotografiert, vor Ort mit allen Anwesenden besprochen und erg\u00e4nzt, sondern sp\u00e4ter auch zusammengefasst und an alle Bottroper Grundschulen geschickt. Wir hoffen damit dem einen oder anderen Kollegen eine kurzfristige Hilfe \/ Idee zur Entlastung bieten zu k\u00f6nnen.<\/p>\n\n\n\n<p>Beispielhaftes Energiefresser Plakat (1\/4):<\/p>\n\n\n\n<figure class=\"wp-block-image size-large\"><img loading=\"lazy\" decoding=\"async\" width=\"1024\" height=\"768\" src=\"https:\/\/personalrat-grundschule-bottrop.de\/wp-content\/uploads\/2023\/04\/PV2023-5-1024x768.jpg\" alt=\"\" class=\"wp-image-1033\" srcset=\"https:\/\/personalrat-grundschule-bottrop.de\/wp-content\/uploads\/2023\/04\/PV2023-5-1024x768.jpg 1024w, https:\/\/personalrat-grundschule-bottrop.de\/wp-content\/uploads\/2023\/04\/PV2023-5-300x225.jpg 300w, https:\/\/personalrat-grundschule-bottrop.de\/wp-content\/uploads\/2023\/04\/PV2023-5-768x576.jpg 768w, https:\/\/personalrat-grundschule-bottrop.de\/wp-content\/uploads\/2023\/04\/PV2023-5-1200x900.jpg 1200w, https:\/\/personalrat-grundschule-bottrop.de\/wp-content\/uploads\/2023\/04\/PV2023-5.jpg 1280w\" sizes=\"auto, (max-width: 709px) 85vw, (max-width: 909px) 67vw, (max-width: 1362px) 62vw, 840px\" \/><\/figure>\n\n\n\n<p>Im Anschluss stellte sich die Regionale Schulberatungsstelle mit ihren Angeboten zur pr\u00e4ventiven Stressreduktion (AGIL) sowie zur Supervision vor. Die beiden Schulpsychologinnen Fr. Butenweg-Schwan und Fr. W\u00f6bel f\u00fchrten die Anwesenden auch durch eine beispielhafte Atem\u00fcbung vor Ort, um das, zu Beginn der Veranstaltung festgestellte, hohe Stresslevel der Anwesenden akut ein wenig zu senken.<\/p>\n\n\n\n<p>Einen \u00dcberblick \u00fcber weitere Ansprechpartner*innen und Hilfsangebote konnten alle Teilnehmer*innen mittels unseres \u201eErste Hilfe Flyer\u201c erhalten. Dieser beinhaltet eine Auflistung von Unterst\u00fctzungsangeboten vor Ort in Bottrop und auch \u00fcberregional.<\/p>\n\n\n\n<p>Zum Abschluss der Veranstaltung kamen alle Beteiligten \u00fcber den Resolutionsentwurf des Personalrats bez\u00fcglich konkreter Forderungen nach Entlastungen in den Grundschulen ins Gespr\u00e4ch. Es entstand ein reger Austausch und weitere Entlastungsm\u00f6glichkeiten wurden vor Ort eingebracht.<br>Weitere Forderungen waren:<\/p>\n\n\n\n<ul class=\"wp-block-list\">\n<li>die Aussetzung der Erstellung der \u201eGuten Lernaufgaben\u201c<\/li>\n\n\n\n<li>die M\u00f6glichkeit ein AOSF Sprache bereits in Klasse 1 stellen zu k\u00f6nnen<\/li>\n\n\n\n<li>Entlastungsstunden f\u00fcr das Schreiben von AOSF f\u00fcr Sonderp\u00e4dagog*innen einzurichten.<\/li>\n<\/ul>\n\n\n\n<p>F\u00fcr die Resolution wurde mit gro\u00dfer Mehrheit abgestimmt. Wir bedanken uns f\u00fcr die aktive und offene R\u00fcckmeldung und Mitarbeit w\u00e4hrend der Versammlung. Das Resolutionsschreiben wird nun vom Personalrat auf den Weg gebracht.<\/p>\n\n\n\n<div data-wp-interactive=\"core\/file\" class=\"wp-block-file\"><object data-wp-bind--hidden=\"!state.hasPdfPreview\" hidden class=\"wp-block-file__embed\" data=\"https:\/\/personalrat-grundschule-bottrop.de\/wp-content\/uploads\/2023\/02\/Resolutionsentwurf-lang-Personalrat-Grundschule-2023.pdf\" type=\"application\/pdf\" style=\"width:100%;height:800px\" aria-label=\"Einbettung von Resolutionsentwurf PV 2023.\"><\/object><a id=\"wp-block-file--media-01010810-f312-4888-b1e5-d5218c0ef490\" href=\"https:\/\/personalrat-grundschule-bottrop.de\/wp-content\/uploads\/2023\/02\/Resolutionsentwurf-lang-Personalrat-Grundschule-2023.pdf\">Resolutionsentwurf PV 2023<\/a><a href=\"https:\/\/personalrat-grundschule-bottrop.de\/wp-content\/uploads\/2023\/02\/Resolutionsentwurf-lang-Personalrat-Grundschule-2023.pdf\" class=\"wp-block-file__button wp-element-button\" download aria-describedby=\"wp-block-file--media-01010810-f312-4888-b1e5-d5218c0ef490\">Herunterladen<\/a><\/div>\n\n\n\n<div class=\"wp-block-file\"><a id=\"wp-block-file--media-8a48cc82-2cb3-4c95-b231-6d59ff0b899b\" href=\"https:\/\/personalrat-grundschule-bottrop.de\/wp-content\/uploads\/2023\/02\/Flyer-Personalversammlung-Grundschule-Bottrop-2023.pdf\">Flyer Personalversammlung Grundschule Bottrop 2023<\/a><a href=\"https:\/\/personalrat-grundschule-bottrop.de\/wp-content\/uploads\/2023\/02\/Flyer-Personalversammlung-Grundschule-Bottrop-2023.pdf\" class=\"wp-block-file__button wp-element-button\" download aria-describedby=\"wp-block-file--media-8a48cc82-2cb3-4c95-b231-6d59ff0b899b\">Herunterladen<\/a><\/div>\n","protected":false},"excerpt":{"rendered":"<p>Die Situation in den Schulen ist unver\u00e4ndert herausfordernd und belastend. Wir Personalr\u00e4te wissen um die hohe, individuelle Belastung vor Ort und haben daher den Schwerpunkt der diesj\u00e4hrigen Personalversammlung auf die pr\u00e4ventive Gesundheitsvorsorge durch Stressreduktion gelegt. Um auf individuelle Stressoren eingehen und diese in die Personalversammlung einbeziehen zu k\u00f6nnen, hatten wir um eine Zusendung von \u201eEnergiefressern &hellip; <a href=\"https:\/\/personalrat-grundschule-bottrop.de\/?page_id=1011\" class=\"more-link\"><span class=\"screen-reader-text\">\u201ePersonalversammlung 2023\u201c <\/span>weiterlesen<\/a><\/p>\n","protected":false},"author":1,"featured_media":0,"parent":0,"menu_order":0,"comment_status":"closed","ping_status":"closed","template":"","meta":{"footnotes":""},"class_list":["post-1011","page","type-page","status-publish","hentry"],"_links":{"self":[{"href":"https:\/\/personalrat-grundschule-bottrop.de\/index.php?rest_route=\/wp\/v2\/pages\/1011","targetHints":{"allow":["GET"]}}],"collection":[{"href":"https:\/\/personalrat-grundschule-bottrop.de\/index.php?rest_route=\/wp\/v2\/pages"}],"about":[{"href":"https:\/\/personalrat-grundschule-bottrop.de\/index.php?rest_route=\/wp\/v2\/types\/page"}],"author":[{"embeddable":true,"href":"https:\/\/personalrat-grundschule-bottrop.de\/index.php?rest_route=\/wp\/v2\/users\/1"}],"replies":[{"embeddable":true,"href":"https:\/\/personalrat-grundschule-bottrop.de\/index.php?rest_route=%2Fwp%2Fv2%2Fcomments&post=1011"}],"version-history":[{"count":5,"href":"https:\/\/personalrat-grundschule-bottrop.de\/index.php?rest_route=\/wp\/v2\/pages\/1011\/revisions"}],"predecessor-version":[{"id":1034,"href":"https:\/\/personalrat-grundschule-bottrop.de\/index.php?rest_route=\/wp\/v2\/pages\/1011\/revisions\/1034"}],"wp:attachment":[{"href":"https:\/\/personalrat-grundschule-bottrop.de\/index.php?rest_route=%2Fwp%2Fv2%2Fmedia&parent=1011"}],"curies":[{"name":"wp","href":"https:\/\/api.w.org\/{rel}","templated":true}]}}